{"id":310,"date":"2021-11-04T10:21:32","date_gmt":"2021-11-04T10:21:32","guid":{"rendered":"https:\/\/factran.com.mx\/index.php\/services\/"},"modified":"2023-04-09T19:31:03","modified_gmt":"2023-04-09T19:31:03","slug":"servicios","status":"publish","type":"page","link":"https:\/\/factran.com.mx\/index.php\/servicios\/","title":{"rendered":"Servicios"},"content":{"rendered":"\t\t<div data-elementor-type=\"wp-page\" data-elementor-id=\"310\" class=\"elementor elementor-310\">\n\t\t\t\t\t\t<section class=\"elementor-section elementor-top-section elementor-element elementor-element-676f307 elementor-section-boxed elementor-section-height-default elementor-section-height-default\" data-id=\"676f307\" data-element_type=\"section\" data-e-type=\"section\" data-settings=\"{&quot;background_background&quot;:&quot;classic&quot;}\">\n\t\t\t\t\t\t\t<div class=\"elementor-background-overlay\"><\/div>\n\t\t\t\t\t\t\t<div class=\"elementor-container elementor-column-gap-no\">\n\t\t\t\t\t<div class=\"elementor-column elementor-col-100 elementor-top-column elementor-element elementor-element-cfd909f\" data-id=\"cfd909f\" data-element_type=\"column\" data-e-type=\"column\">\n\t\t\t<div class=\"elementor-widget-wrap elementor-element-populated\">\n\t\t\t\t\t\t<div class=\"elementor-element elementor-element-fd6730a elementor-widget elementor-widget-heading\" data-id=\"fd6730a\" data-element_type=\"widget\" data-e-type=\"widget\" data-widget_type=\"heading.default\">\n\t\t\t\t<div class=\"elementor-widget-container\">\n\t\t\t\t\t<h1 class=\"elementor-heading-title elementor-size-default\">Servicios<\/h1>\t\t\t\t<\/div>\n\t\t\t\t<\/div>\n\t\t\t\t\t<\/div>\n\t\t<\/div>\n\t\t\t\t\t<\/div>\n\t\t<\/section>\n\t\t\t\t<section class=\"elementor-section elementor-top-section elementor-element elementor-element-62fcd5c elementor-section-boxed elementor-section-height-default elementor-section-height-default\" data-id=\"62fcd5c\" data-element_type=\"section\" data-e-type=\"section\" data-settings=\"{&quot;background_background&quot;:&quot;classic&quot;}\">\n\t\t\t\t\t\t<div class=\"elementor-container elementor-column-gap-no\">\n\t\t\t\t\t<div class=\"elementor-column elementor-col-100 elementor-top-column elementor-element elementor-element-6096f1b\" data-id=\"6096f1b\" data-element_type=\"column\" data-e-type=\"column\">\n\t\t\t<div class=\"elementor-widget-wrap elementor-element-populated\">\n\t\t\t\t\t\t<section class=\"elementor-section elementor-inner-section elementor-element elementor-element-eff919d elementor-section-boxed elementor-section-height-default elementor-section-height-default elementor-invisible\" data-id=\"eff919d\" data-element_type=\"section\" data-e-type=\"section\" data-settings=\"{&quot;animation&quot;:&quot;fadeInLeft&quot;}\">\n\t\t\t\t\t\t<div class=\"elementor-container elementor-column-gap-no\">\n\t\t\t\t\t<div class=\"elementor-column elementor-col-100 elementor-inner-column elementor-element elementor-element-7b0bffe\" data-id=\"7b0bffe\" data-element_type=\"column\" data-e-type=\"column\">\n\t\t\t<div class=\"elementor-widget-wrap elementor-element-populated\">\n\t\t\t\t\t\t<div class=\"elementor-element elementor-element-e17fad8 elementor-widget elementor-widget-heading\" data-id=\"e17fad8\" data-element_type=\"widget\" data-e-type=\"widget\" data-widget_type=\"heading.default\">\n\t\t\t\t<div class=\"elementor-widget-container\">\n\t\t\t\t\t<h3 class=\"elementor-heading-title elementor-size-default\">Nuestros Servicios<\/h3>\t\t\t\t<\/div>\n\t\t\t\t<\/div>\n\t\t\t\t<div class=\"elementor-element elementor-element-ecb1e43 elementor-widget elementor-widget-heading\" data-id=\"ecb1e43\" data-element_type=\"widget\" data-e-type=\"widget\" data-widget_type=\"heading.default\">\n\t\t\t\t<div class=\"elementor-widget-container\">\n\t\t\t\t\t<h2 class=\"elementor-heading-title elementor-size-default\">Servicios de Calidad<\/h2>\t\t\t\t<\/div>\n\t\t\t\t<\/div>\n\t\t\t\t\t<\/div>\n\t\t<\/div>\n\t\t\t\t\t<\/div>\n\t\t<\/section>\n\t\t\t\t<section class=\"elementor-section elementor-inner-section elementor-element elementor-element-0ace7b5 elementor-section-boxed elementor-section-height-default elementor-section-height-default elementor-invisible\" data-id=\"0ace7b5\" data-element_type=\"section\" data-e-type=\"section\" data-settings=\"{&quot;animation&quot;:&quot;fadeInRight&quot;}\">\n\t\t\t\t\t\t<div class=\"elementor-container elementor-column-gap-no\">\n\t\t\t\t\t<div class=\"elementor-column elementor-col-33 elementor-inner-column elementor-element elementor-element-e497fd2\" data-id=\"e497fd2\" data-element_type=\"column\" data-e-type=\"column\">\n\t\t\t<div class=\"elementor-widget-wrap elementor-element-populated\">\n\t\t\t\t\t\t<div class=\"elementor-element elementor-element-e0dc10d elementor-position-top elementor-widget elementor-widget-image-box\" data-id=\"e0dc10d\" data-element_type=\"widget\" data-e-type=\"widget\" data-widget_type=\"image-box.default\">\n\t\t\t\t<div class=\"elementor-widget-container\">\n\t\t\t\t\t<div class=\"elementor-image-box-wrapper\"><figure class=\"elementor-image-box-img\"><img fetchpriority=\"high\" decoding=\"async\" width=\"380\" height=\"250\" src=\"https:\/\/factran.com.mx\/wp-content\/uploads\/2021\/11\/service-2.jpg\" class=\"attachment-full size-full wp-image-89\" alt=\"\" srcset=\"https:\/\/factran.com.mx\/wp-content\/uploads\/2021\/11\/service-2.jpg 380w, https:\/\/factran.com.mx\/wp-content\/uploads\/2021\/11\/service-2-300x197.jpg 300w\" sizes=\"(max-width: 380px) 100vw, 380px\" \/><\/figure><div class=\"elementor-image-box-content\"><h3 class=\"elementor-image-box-title\">Construcciones de Ingenier\u00eda Civil u Obra Pesada.<\/h3><\/div><\/div>\t\t\t\t<\/div>\n\t\t\t\t<\/div>\n\t\t\t\t\t<\/div>\n\t\t<\/div>\n\t\t\t\t<div class=\"elementor-column elementor-col-33 elementor-inner-column elementor-element elementor-element-dd6151a\" data-id=\"dd6151a\" data-element_type=\"column\" data-e-type=\"column\">\n\t\t\t<div class=\"elementor-widget-wrap elementor-element-populated\">\n\t\t\t\t\t\t<div class=\"elementor-element elementor-element-d35ce9d elementor-position-top elementor-widget elementor-widget-image-box\" data-id=\"d35ce9d\" data-element_type=\"widget\" data-e-type=\"widget\" data-widget_type=\"image-box.default\">\n\t\t\t\t<div class=\"elementor-widget-container\">\n\t\t\t\t\t<div class=\"elementor-image-box-wrapper\"><figure class=\"elementor-image-box-img\"><img decoding=\"async\" src=\"https:\/\/factran.com.mx\/wp-content\/uploads\/2023\/04\/Construccion-de-Obras-para-el-Tratamiento-Distribucion-y-Suministro-de-Agua-y-Drenaje.\u200bjpg.webp\" title=\"\" alt=\"\" loading=\"lazy\" \/><\/figure><div class=\"elementor-image-box-content\"><h3 class=\"elementor-image-box-title\">Construcci\u00f3n de Obras para el Tratamiento, Distribuci\u00f3n y Suministro de Agua y Drenaje.<\/h3><\/div><\/div>\t\t\t\t<\/div>\n\t\t\t\t<\/div>\n\t\t\t\t\t<\/div>\n\t\t<\/div>\n\t\t\t\t<div class=\"elementor-column elementor-col-33 elementor-inner-column elementor-element elementor-element-e9a339c\" data-id=\"e9a339c\" data-element_type=\"column\" data-e-type=\"column\">\n\t\t\t<div class=\"elementor-widget-wrap elementor-element-populated\">\n\t\t\t\t\t\t<div class=\"elementor-element elementor-element-8f4b8f6 elementor-position-top elementor-widget elementor-widget-image-box\" data-id=\"8f4b8f6\" data-element_type=\"widget\" data-e-type=\"widget\" data-widget_type=\"image-box.default\">\n\t\t\t\t<div class=\"elementor-widget-container\">\n\t\t\t\t\t<div class=\"elementor-image-box-wrapper\"><figure class=\"elementor-image-box-img\"><img decoding=\"async\" src=\"https:\/\/factran.com.mx\/wp-content\/uploads\/2023\/04\/Montaje-de-Estructuras-de-Concreto-Prefabricado.\u200b.jpeg\" title=\"\" alt=\"\" loading=\"lazy\" \/><\/figure><div class=\"elementor-image-box-content\"><h3 class=\"elementor-image-box-title\">Montaje de Estructuras de Concreto Prefabricado.<\/h3><\/div><\/div>\t\t\t\t<\/div>\n\t\t\t\t<\/div>\n\t\t\t\t\t<\/div>\n\t\t<\/div>\n\t\t\t\t\t<\/div>\n\t\t<\/section>\n\t\t\t\t<section class=\"elementor-section elementor-inner-section elementor-element elementor-element-43ac0c4 elementor-section-boxed elementor-section-height-default elementor-section-height-default\" data-id=\"43ac0c4\" data-element_type=\"section\" data-e-type=\"section\">\n\t\t\t\t\t\t<div class=\"elementor-container elementor-column-gap-no\">\n\t\t\t\t\t<div class=\"elementor-column elementor-col-33 elementor-inner-column elementor-element elementor-element-349ffff\" data-id=\"349ffff\" data-element_type=\"column\" data-e-type=\"column\">\n\t\t\t<div class=\"elementor-widget-wrap elementor-element-populated\">\n\t\t\t\t\t\t<div class=\"elementor-element elementor-element-cd9a2f7 elementor-position-top elementor-widget elementor-widget-image-box\" data-id=\"cd9a2f7\" data-element_type=\"widget\" data-e-type=\"widget\" data-widget_type=\"image-box.default\">\n\t\t\t\t<div class=\"elementor-widget-container\">\n\t\t\t\t\t<div class=\"elementor-image-box-wrapper\"><figure class=\"elementor-image-box-img\"><img decoding=\"async\" width=\"380\" height=\"250\" src=\"https:\/\/factran.com.mx\/wp-content\/uploads\/2021\/11\/service-3.jpg\" class=\"attachment-full size-full wp-image-90\" alt=\"\" srcset=\"https:\/\/factran.com.mx\/wp-content\/uploads\/2021\/11\/service-3.jpg 380w, https:\/\/factran.com.mx\/wp-content\/uploads\/2021\/11\/service-3-300x197.jpg 300w\" sizes=\"(max-width: 380px) 100vw, 380px\" \/><\/figure><div class=\"elementor-image-box-content\"><h3 class=\"elementor-image-box-title\">Arrendamiento de Maquinaria Pesada.<\/h3><\/div><\/div>\t\t\t\t<\/div>\n\t\t\t\t<\/div>\n\t\t\t\t\t<\/div>\n\t\t<\/div>\n\t\t\t\t<div class=\"elementor-column elementor-col-33 elementor-inner-column elementor-element elementor-element-62c4d93\" data-id=\"62c4d93\" data-element_type=\"column\" data-e-type=\"column\">\n\t\t\t<div class=\"elementor-widget-wrap elementor-element-populated\">\n\t\t\t\t\t\t<div class=\"elementor-element elementor-element-4c9f95c elementor-position-top elementor-widget elementor-widget-image-box\" data-id=\"4c9f95c\" data-element_type=\"widget\" data-e-type=\"widget\" data-widget_type=\"image-box.default\">\n\t\t\t\t<div class=\"elementor-widget-container\">\n\t\t\t\t\t<div class=\"elementor-image-box-wrapper\"><figure class=\"elementor-image-box-img\"><img decoding=\"async\" src=\"https:\/\/factran.com.mx\/wp-content\/uploads\/2023\/04\/seguro-transporte-mercancias-00003.jpg\" title=\"\" alt=\"\" loading=\"lazy\" \/><\/figure><div class=\"elementor-image-box-content\"><h3 class=\"elementor-image-box-title\">Transporte de Carga en General.<\/h3><\/div><\/div>\t\t\t\t<\/div>\n\t\t\t\t<\/div>\n\t\t\t\t\t<\/div>\n\t\t<\/div>\n\t\t\t\t<div class=\"elementor-column elementor-col-33 elementor-inner-column elementor-element elementor-element-dca79be\" data-id=\"dca79be\" data-element_type=\"column\" data-e-type=\"column\">\n\t\t\t<div class=\"elementor-widget-wrap elementor-element-populated\">\n\t\t\t\t\t\t<div class=\"elementor-element elementor-element-081ec33 elementor-position-top elementor-widget elementor-widget-image-box\" data-id=\"081ec33\" data-element_type=\"widget\" data-e-type=\"widget\" data-widget_type=\"image-box.default\">\n\t\t\t\t<div class=\"elementor-widget-container\">\n\t\t\t\t\t<div class=\"elementor-image-box-wrapper\"><figure class=\"elementor-image-box-img\"><img decoding=\"async\" src=\"https:\/\/factran.com.mx\/wp-content\/uploads\/2023\/04\/612.jpg\" title=\"\" alt=\"\" loading=\"lazy\" \/><\/figure><div class=\"elementor-image-box-content\"><h3 class=\"elementor-image-box-title\">Enajenaci\u00f3n de Arena, Grava, Tierra.<\/h3><\/div><\/div>\t\t\t\t<\/div>\n\t\t\t\t<\/div>\n\t\t\t\t\t<\/div>\n\t\t<\/div>\n\t\t\t\t\t<\/div>\n\t\t<\/section>\n\t\t\t\t<section class=\"elementor-section elementor-inner-section elementor-element elementor-element-8a6486f elementor-section-boxed elementor-section-height-default elementor-section-height-default\" data-id=\"8a6486f\" data-element_type=\"section\" data-e-type=\"section\">\n\t\t\t\t\t\t<div class=\"elementor-container elementor-column-gap-no\">\n\t\t\t\t\t<div class=\"elementor-column elementor-col-33 elementor-inner-column elementor-element elementor-element-27bbf36\" data-id=\"27bbf36\" data-element_type=\"column\" data-e-type=\"column\">\n\t\t\t<div class=\"elementor-widget-wrap elementor-element-populated\">\n\t\t\t\t\t\t<div class=\"elementor-element elementor-element-19f5c76 elementor-position-top elementor-widget elementor-widget-image-box\" data-id=\"19f5c76\" data-element_type=\"widget\" data-e-type=\"widget\" data-widget_type=\"image-box.default\">\n\t\t\t\t<div class=\"elementor-widget-container\">\n\t\t\t\t\t<div class=\"elementor-image-box-wrapper\"><figure class=\"elementor-image-box-img\"><img decoding=\"async\" src=\"https:\/\/factran.com.mx\/wp-content\/uploads\/2023\/04\/Materiales1.jpg.webp\" title=\"\" alt=\"\" loading=\"lazy\" \/><\/figure><div class=\"elementor-image-box-content\"><h3 class=\"elementor-image-box-title\">Comercio al por mayor de otros Materiales para la Construcci\u00f3n.<\/h3><\/div><\/div>\t\t\t\t<\/div>\n\t\t\t\t<\/div>\n\t\t\t\t\t<\/div>\n\t\t<\/div>\n\t\t\t\t<div class=\"elementor-column elementor-col-33 elementor-inner-column elementor-element elementor-element-b20708d\" data-id=\"b20708d\" data-element_type=\"column\" data-e-type=\"column\">\n\t\t\t<div class=\"elementor-widget-wrap elementor-element-populated\">\n\t\t\t\t\t\t\t<\/div>\n\t\t<\/div>\n\t\t\t\t<div class=\"elementor-column elementor-col-33 elementor-inner-column elementor-element elementor-element-dc05f15\" data-id=\"dc05f15\" data-element_type=\"column\" data-e-type=\"column\">\n\t\t\t<div class=\"elementor-widget-wrap elementor-element-populated\">\n\t\t\t\t\t\t\t<\/div>\n\t\t<\/div>\n\t\t\t\t\t<\/div>\n\t\t<\/section>\n\t\t\t\t\t<\/div>\n\t\t<\/div>\n\t\t\t\t\t<\/div>\n\t\t<\/section>\n\t\t\t\t<\/div>\n\t\t","protected":false},"excerpt":{"rendered":"<p>Servicios Nuestros Servicios Servicios de Calidad Construcciones de Ingenier\u00eda Civil u Obra Pesada. Construcci\u00f3n de Obras para el Tratamiento, Distribuci\u00f3n y Suministro de Agua y Drenaje. Montaje de Estructuras de Concreto Prefabricado. Arrendamiento de Maquinaria Pesada. Transporte de Carga en General. Enajenaci\u00f3n de Arena, Grava, Tierra. Comercio al por mayor de otros Materiales para la [&hellip;]<\/p>\n","protected":false},"author":1,"featured_media":0,"parent":0,"menu_order":0,"comment_status":"closed","ping_status":"closed","template":"","meta":{"site-sidebar-layout":"no-sidebar","site-content-layout":"page-builder","ast-site-content-layout":"default","site-content-style":"default","site-sidebar-style":"default","ast-global-header-display":"","ast-banner-title-visibility":"","ast-main-header-display":"","ast-hfb-above-header-display":"","ast-hfb-below-header-display":"","ast-hfb-mobile-header-display":"","site-post-title":"disabled","ast-breadcrumbs-content":"disabled","ast-featured-img":"disabled","footer-sml-layout":"","ast-disable-related-posts":"","theme-transparent-header-meta":"enabled","adv-header-id-meta":"","stick-header-meta":"","header-above-stick-meta":"","header-main-stick-meta":"","header-below-stick-meta":"","astra-migrate-meta-layouts":"default","ast-page-background-enabled":"default","ast-page-background-meta":{"desktop":{"background-color":"var(--ast-global-color-4)","background-image":"","background-repeat":"repeat","background-position":"center center","background-size":"auto","background-attachment":"scroll","background-type":"","background-media":"","overlay-type":"","overlay-color":"","overlay-opacity":"","overlay-gradient":""},"tablet":{"background-color":"","background-image":"","background-repeat":"repeat","background-position":"center center","background-size":"auto","background-attachment":"scroll","background-type":"","background-media":"","overlay-type":"","overlay-color":"","overlay-opacity":"","overlay-gradient":""},"mobile":{"background-color":"","background-image":"","background-repeat":"repeat","background-position":"center center","background-size":"auto","background-attachment":"scroll","background-type":"","background-media":"","overlay-type":"","overlay-color":"","overlay-opacity":"","overlay-gradient":""}},"ast-content-background-meta":{"desktop":{"background-color":"var(--ast-global-color-5)","background-image":"","background-repeat":"repeat","background-position":"center center","background-size":"auto","background-attachment":"scroll","background-type":"","background-media":"","overlay-type":"","overlay-color":"","overlay-opacity":"","overlay-gradient":""},"tablet":{"background-color":"var(--ast-global-color-5)","background-image":"","background-repeat":"repeat","background-position":"center center","background-size":"auto","background-attachment":"scroll","background-type":"","background-media":"","overlay-type":"","overlay-color":"","overlay-opacity":"","overlay-gradient":""},"mobile":{"background-color":"var(--ast-global-color-5)","background-image":"","background-repeat":"repeat","background-position":"center center","background-size":"auto","background-attachment":"scroll","background-type":"","background-media":"","overlay-type":"","overlay-color":"","overlay-opacity":"","overlay-gradient":""}},"footnotes":""},"class_list":["post-310","page","type-page","status-publish","hentry"],"yoast_head":"<!-- This site is optimized with the Yoast SEO plugin v27.3 - https:\/\/yoast.com\/product\/yoast-seo-wordpress\/ -->\n<title>Servicios - Factran S.A. de C.V.<\/title>\n<meta name=\"robots\" content=\"index, follow, max-snippet:-1, max-image-preview:large, max-video-preview:-1\" \/>\n<link rel=\"canonical\" href=\"https:\/\/factran.com.mx\/index.php\/servicios\/\" \/>\n<meta property=\"og:locale\" content=\"es_MX\" \/>\n<meta property=\"og:type\" content=\"article\" \/>\n<meta property=\"og:title\" content=\"Servicios - Factran S.A. de C.V.\" \/>\n<meta property=\"og:description\" content=\"Servicios Nuestros Servicios Servicios de Calidad Construcciones de Ingenier\u00eda Civil u Obra Pesada. Construcci\u00f3n de Obras para el Tratamiento, Distribuci\u00f3n y Suministro de Agua y Drenaje. Montaje de Estructuras de Concreto Prefabricado. Arrendamiento de Maquinaria Pesada. Transporte de Carga en General. Enajenaci\u00f3n de Arena, Grava, Tierra. Comercio al por mayor de otros Materiales para la [&hellip;]\" \/>\n<meta property=\"og:url\" content=\"https:\/\/factran.com.mx\/index.php\/servicios\/\" \/>\n<meta property=\"og:site_name\" content=\"Factran S.A. de C.V.\" \/>\n<meta property=\"article:modified_time\" content=\"2023-04-09T19:31:03+00:00\" \/>\n<meta property=\"og:image\" content=\"https:\/\/factran.com.mx\/wp-content\/uploads\/2021\/11\/service-2.jpg\" \/>\n<meta name=\"twitter:card\" content=\"summary_large_image\" \/>\n<meta name=\"twitter:label1\" content=\"Tiempo de lectura\" \/>\n\t<meta name=\"twitter:data1\" content=\"5 minutos\" \/>\n<script type=\"application\/ld+json\" class=\"yoast-schema-graph\">{\"@context\":\"https:\\\/\\\/schema.org\",\"@graph\":[{\"@type\":\"WebPage\",\"@id\":\"https:\\\/\\\/factran.com.mx\\\/index.php\\\/servicios\\\/\",\"url\":\"https:\\\/\\\/factran.com.mx\\\/index.php\\\/servicios\\\/\",\"name\":\"Servicios - Factran S.A. de C.V.\",\"isPartOf\":{\"@id\":\"https:\\\/\\\/factran.com.mx\\\/#website\"},\"primaryImageOfPage\":{\"@id\":\"https:\\\/\\\/factran.com.mx\\\/index.php\\\/servicios\\\/#primaryimage\"},\"image\":{\"@id\":\"https:\\\/\\\/factran.com.mx\\\/index.php\\\/servicios\\\/#primaryimage\"},\"thumbnailUrl\":\"https:\\\/\\\/factran.com.mx\\\/wp-content\\\/uploads\\\/2021\\\/11\\\/service-2.jpg\",\"datePublished\":\"2021-11-04T10:21:32+00:00\",\"dateModified\":\"2023-04-09T19:31:03+00:00\",\"breadcrumb\":{\"@id\":\"https:\\\/\\\/factran.com.mx\\\/index.php\\\/servicios\\\/#breadcrumb\"},\"inLanguage\":\"es\",\"potentialAction\":[{\"@type\":\"ReadAction\",\"target\":[\"https:\\\/\\\/factran.com.mx\\\/index.php\\\/servicios\\\/\"]}]},{\"@type\":\"ImageObject\",\"inLanguage\":\"es\",\"@id\":\"https:\\\/\\\/factran.com.mx\\\/index.php\\\/servicios\\\/#primaryimage\",\"url\":\"https:\\\/\\\/factran.com.mx\\\/wp-content\\\/uploads\\\/2021\\\/11\\\/service-2.jpg\",\"contentUrl\":\"https:\\\/\\\/factran.com.mx\\\/wp-content\\\/uploads\\\/2021\\\/11\\\/service-2.jpg\",\"width\":380,\"height\":250},{\"@type\":\"BreadcrumbList\",\"@id\":\"https:\\\/\\\/factran.com.mx\\\/index.php\\\/servicios\\\/#breadcrumb\",\"itemListElement\":[{\"@type\":\"ListItem\",\"position\":1,\"name\":\"Inicio\",\"item\":\"https:\\\/\\\/factran.com.mx\\\/\"},{\"@type\":\"ListItem\",\"position\":2,\"name\":\"Servicios\"}]},{\"@type\":\"WebSite\",\"@id\":\"https:\\\/\\\/factran.com.mx\\\/#website\",\"url\":\"https:\\\/\\\/factran.com.mx\\\/\",\"name\":\"Factran S.A. de C.V.\",\"description\":\"\",\"publisher\":{\"@id\":\"https:\\\/\\\/factran.com.mx\\\/#organization\"},\"potentialAction\":[{\"@type\":\"SearchAction\",\"target\":{\"@type\":\"EntryPoint\",\"urlTemplate\":\"https:\\\/\\\/factran.com.mx\\\/?s={search_term_string}\"},\"query-input\":{\"@type\":\"PropertyValueSpecification\",\"valueRequired\":true,\"valueName\":\"search_term_string\"}}],\"inLanguage\":\"es\"},{\"@type\":\"Organization\",\"@id\":\"https:\\\/\\\/factran.com.mx\\\/#organization\",\"name\":\"Trefisur S.A. de C.V.\",\"url\":\"https:\\\/\\\/factran.com.mx\\\/\",\"logo\":{\"@type\":\"ImageObject\",\"inLanguage\":\"es\",\"@id\":\"https:\\\/\\\/factran.com.mx\\\/#\\\/schema\\\/logo\\\/image\\\/\",\"url\":\"https:\\\/\\\/factran.com.mx\\\/wp-content\\\/uploads\\\/2023\\\/04\\\/cropped-trefisur-1.png\",\"contentUrl\":\"https:\\\/\\\/factran.com.mx\\\/wp-content\\\/uploads\\\/2023\\\/04\\\/cropped-trefisur-1.png\",\"width\":512,\"height\":512,\"caption\":\"Trefisur S.A. de C.V.\"},\"image\":{\"@id\":\"https:\\\/\\\/factran.com.mx\\\/#\\\/schema\\\/logo\\\/image\\\/\"}}]}<\/script>\n<!-- \/ Yoast SEO plugin. -->","yoast_head_json":{"title":"Servicios - Factran S.A. de C.V.","robots":{"index":"index","follow":"follow","max-snippet":"max-snippet:-1","max-image-preview":"max-image-preview:large","max-video-preview":"max-video-preview:-1"},"canonical":"https:\/\/factran.com.mx\/index.php\/servicios\/","og_locale":"es_MX","og_type":"article","og_title":"Servicios - Factran S.A. de C.V.","og_description":"Servicios Nuestros Servicios Servicios de Calidad Construcciones de Ingenier\u00eda Civil u Obra Pesada. Construcci\u00f3n de Obras para el Tratamiento, Distribuci\u00f3n y Suministro de Agua y Drenaje. Montaje de Estructuras de Concreto Prefabricado. Arrendamiento de Maquinaria Pesada. Transporte de Carga en General. Enajenaci\u00f3n de Arena, Grava, Tierra. Comercio al por mayor de otros Materiales para la [&hellip;]","og_url":"https:\/\/factran.com.mx\/index.php\/servicios\/","og_site_name":"Factran S.A. de C.V.","article_modified_time":"2023-04-09T19:31:03+00:00","og_image":[{"url":"https:\/\/factran.com.mx\/wp-content\/uploads\/2021\/11\/service-2.jpg","type":"","width":"","height":""}],"twitter_card":"summary_large_image","twitter_misc":{"Tiempo de lectura":"5 minutos"},"schema":{"@context":"https:\/\/schema.org","@graph":[{"@type":"WebPage","@id":"https:\/\/factran.com.mx\/index.php\/servicios\/","url":"https:\/\/factran.com.mx\/index.php\/servicios\/","name":"Servicios - Factran S.A. de C.V.","isPartOf":{"@id":"https:\/\/factran.com.mx\/#website"},"primaryImageOfPage":{"@id":"https:\/\/factran.com.mx\/index.php\/servicios\/#primaryimage"},"image":{"@id":"https:\/\/factran.com.mx\/index.php\/servicios\/#primaryimage"},"thumbnailUrl":"https:\/\/factran.com.mx\/wp-content\/uploads\/2021\/11\/service-2.jpg","datePublished":"2021-11-04T10:21:32+00:00","dateModified":"2023-04-09T19:31:03+00:00","breadcrumb":{"@id":"https:\/\/factran.com.mx\/index.php\/servicios\/#breadcrumb"},"inLanguage":"es","potentialAction":[{"@type":"ReadAction","target":["https:\/\/factran.com.mx\/index.php\/servicios\/"]}]},{"@type":"ImageObject","inLanguage":"es","@id":"https:\/\/factran.com.mx\/index.php\/servicios\/#primaryimage","url":"https:\/\/factran.com.mx\/wp-content\/uploads\/2021\/11\/service-2.jpg","contentUrl":"https:\/\/factran.com.mx\/wp-content\/uploads\/2021\/11\/service-2.jpg","width":380,"height":250},{"@type":"BreadcrumbList","@id":"https:\/\/factran.com.mx\/index.php\/servicios\/#breadcrumb","itemListElement":[{"@type":"ListItem","position":1,"name":"Inicio","item":"https:\/\/factran.com.mx\/"},{"@type":"ListItem","position":2,"name":"Servicios"}]},{"@type":"WebSite","@id":"https:\/\/factran.com.mx\/#website","url":"https:\/\/factran.com.mx\/","name":"Factran S.A. de C.V.","description":"","publisher":{"@id":"https:\/\/factran.com.mx\/#organization"},"potentialAction":[{"@type":"SearchAction","target":{"@type":"EntryPoint","urlTemplate":"https:\/\/factran.com.mx\/?s={search_term_string}"},"query-input":{"@type":"PropertyValueSpecification","valueRequired":true,"valueName":"search_term_string"}}],"inLanguage":"es"},{"@type":"Organization","@id":"https:\/\/factran.com.mx\/#organization","name":"Trefisur S.A. de C.V.","url":"https:\/\/factran.com.mx\/","logo":{"@type":"ImageObject","inLanguage":"es","@id":"https:\/\/factran.com.mx\/#\/schema\/logo\/image\/","url":"https:\/\/factran.com.mx\/wp-content\/uploads\/2023\/04\/cropped-trefisur-1.png","contentUrl":"https:\/\/factran.com.mx\/wp-content\/uploads\/2023\/04\/cropped-trefisur-1.png","width":512,"height":512,"caption":"Trefisur S.A. de C.V."},"image":{"@id":"https:\/\/factran.com.mx\/#\/schema\/logo\/image\/"}}]}},"_links":{"self":[{"href":"https:\/\/factran.com.mx\/index.php\/wp-json\/wp\/v2\/pages\/310","targetHints":{"allow":["GET"]}}],"collection":[{"href":"https:\/\/factran.com.mx\/index.php\/wp-json\/wp\/v2\/pages"}],"about":[{"href":"https:\/\/factran.com.mx\/index.php\/wp-json\/wp\/v2\/types\/page"}],"author":[{"embeddable":true,"href":"https:\/\/factran.com.mx\/index.php\/wp-json\/wp\/v2\/users\/1"}],"replies":[{"embeddable":true,"href":"https:\/\/factran.com.mx\/index.php\/wp-json\/wp\/v2\/comments?post=310"}],"version-history":[{"count":35,"href":"https:\/\/factran.com.mx\/index.php\/wp-json\/wp\/v2\/pages\/310\/revisions"}],"predecessor-version":[{"id":870,"href":"https:\/\/factran.com.mx\/index.php\/wp-json\/wp\/v2\/pages\/310\/revisions\/870"}],"wp:attachment":[{"href":"https:\/\/factran.com.mx\/index.php\/wp-json\/wp\/v2\/media?parent=310"}],"curies":[{"name":"wp","href":"https:\/\/api.w.org\/{rel}","templated":true}]}}