{"id":309,"date":"2021-11-04T10:21:10","date_gmt":"2021-11-04T10:21:10","guid":{"rendered":"https:\/\/factran.com.mx\/index.php\/projects\/"},"modified":"2023-04-09T20:09:31","modified_gmt":"2023-04-09T20:09:31","slug":"proyectos","status":"publish","type":"page","link":"https:\/\/factran.com.mx\/index.php\/proyectos\/","title":{"rendered":"Proyectos"},"content":{"rendered":"\t\t<div data-elementor-type=\"wp-page\" data-elementor-id=\"309\" class=\"elementor elementor-309\">\n\t\t\t\t\t\t<section class=\"elementor-section elementor-top-section elementor-element elementor-element-2a455c4 elementor-section-boxed elementor-section-height-default elementor-section-height-default\" data-id=\"2a455c4\" data-element_type=\"section\" data-e-type=\"section\" data-settings=\"{&quot;background_background&quot;:&quot;classic&quot;}\">\n\t\t\t\t\t\t\t<div class=\"elementor-background-overlay\"><\/div>\n\t\t\t\t\t\t\t<div class=\"elementor-container elementor-column-gap-no\">\n\t\t\t\t\t<div class=\"elementor-column elementor-col-100 elementor-top-column elementor-element elementor-element-c8c40aa\" data-id=\"c8c40aa\" data-element_type=\"column\" data-e-type=\"column\">\n\t\t\t<div class=\"elementor-widget-wrap elementor-element-populated\">\n\t\t\t\t\t\t<div class=\"elementor-element elementor-element-56689f6 elementor-widget elementor-widget-heading\" data-id=\"56689f6\" data-element_type=\"widget\" data-e-type=\"widget\" data-widget_type=\"heading.default\">\n\t\t\t\t<div class=\"elementor-widget-container\">\n\t\t\t\t\t<h1 class=\"elementor-heading-title elementor-size-default\">Proyectos<\/h1>\t\t\t\t<\/div>\n\t\t\t\t<\/div>\n\t\t\t\t\t<\/div>\n\t\t<\/div>\n\t\t\t\t\t<\/div>\n\t\t<\/section>\n\t\t\t\t<section class=\"elementor-section elementor-top-section elementor-element elementor-element-8f6446e elementor-section-boxed elementor-section-height-default elementor-section-height-default elementor-invisible\" data-id=\"8f6446e\" data-element_type=\"section\" data-e-type=\"section\" data-settings=\"{&quot;background_background&quot;:&quot;classic&quot;,&quot;animation&quot;:&quot;fadeInLeft&quot;}\">\n\t\t\t\t\t\t<div class=\"elementor-container elementor-column-gap-no\">\n\t\t\t\t\t<div class=\"elementor-column elementor-col-100 elementor-top-column elementor-element elementor-element-7669b2a\" data-id=\"7669b2a\" data-element_type=\"column\" data-e-type=\"column\">\n\t\t\t<div class=\"elementor-widget-wrap elementor-element-populated\">\n\t\t\t\t\t\t<div class=\"elementor-element elementor-element-93a37bd elementor-widget elementor-widget-heading\" data-id=\"93a37bd\" data-element_type=\"widget\" data-e-type=\"widget\" data-widget_type=\"heading.default\">\n\t\t\t\t<div class=\"elementor-widget-container\">\n\t\t\t\t\t<h3 class=\"elementor-heading-title elementor-size-default\">Nuestros Proyectos<\/h3>\t\t\t\t<\/div>\n\t\t\t\t<\/div>\n\t\t\t\t<div class=\"elementor-element elementor-element-f4f52be elementor-widget elementor-widget-heading\" data-id=\"f4f52be\" data-element_type=\"widget\" data-e-type=\"widget\" data-widget_type=\"heading.default\">\n\t\t\t\t<div class=\"elementor-widget-container\">\n\t\t\t\t\t<h2 class=\"elementor-heading-title elementor-size-default\">Trabajos recientes<\/h2>\t\t\t\t<\/div>\n\t\t\t\t<\/div>\n\t\t\t\t\t<\/div>\n\t\t<\/div>\n\t\t\t\t\t<\/div>\n\t\t<\/section>\n\t\t\t\t<section class=\"elementor-section elementor-top-section elementor-element elementor-element-591cd7e elementor-section-full_width elementor-section-height-default elementor-section-height-default elementor-invisible\" data-id=\"591cd7e\" data-element_type=\"section\" data-e-type=\"section\" data-settings=\"{&quot;background_background&quot;:&quot;classic&quot;,&quot;animation&quot;:&quot;fadeInLeft&quot;}\">\n\t\t\t\t\t\t<div class=\"elementor-container elementor-column-gap-no\">\n\t\t\t\t\t<div class=\"elementor-column elementor-col-25 elementor-top-column elementor-element elementor-element-eb7115c\" data-id=\"eb7115c\" data-element_type=\"column\" data-e-type=\"column\" data-settings=\"{&quot;background_background&quot;:&quot;classic&quot;}\">\n\t\t\t<div class=\"elementor-widget-wrap elementor-element-populated\">\n\t\t\t\t\t<div class=\"elementor-background-overlay\"><\/div>\n\t\t\t\t\t\t<div class=\"elementor-element elementor-element-c28e94e elementor-widget elementor-widget-icon-box\" data-id=\"c28e94e\" data-element_type=\"widget\" data-e-type=\"widget\" data-widget_type=\"icon-box.default\">\n\t\t\t\t<div class=\"elementor-widget-container\">\n\t\t\t\t\t\t\t<div class=\"elementor-icon-box-wrapper\">\n\n\t\t\t\n\t\t\t\t\t\t<div class=\"elementor-icon-box-content\">\n\n\t\t\t\t\t\t\t\t\t<h4 class=\"elementor-icon-box-title\">\n\t\t\t\t\t\t<span  >\n\t\t\t\t\t\t\tAeropuerto Internacional Felipe \u00c1ngeles\t\t\t\t\t\t<\/span>\n\t\t\t\t\t<\/h4>\n\t\t\t\t\n\t\t\t\t\t\t\t\t\t<p class=\"elementor-icon-box-description\">\n\t\t\t\t\t\tSanta Luc\u00eda, M\u00e9x.\t\t\t\t\t<\/p>\n\t\t\t\t\n\t\t\t<\/div>\n\t\t\t\n\t\t<\/div>\n\t\t\t\t\t\t<\/div>\n\t\t\t\t<\/div>\n\t\t\t\t\t<\/div>\n\t\t<\/div>\n\t\t\t\t<div class=\"elementor-column elementor-col-25 elementor-top-column elementor-element elementor-element-7fd8a2a\" data-id=\"7fd8a2a\" data-element_type=\"column\" data-e-type=\"column\" data-settings=\"{&quot;background_background&quot;:&quot;classic&quot;}\">\n\t\t\t<div class=\"elementor-widget-wrap elementor-element-populated\">\n\t\t\t\t\t<div class=\"elementor-background-overlay\"><\/div>\n\t\t\t\t\t\t<div class=\"elementor-element elementor-element-82c8fa7 elementor-widget elementor-widget-icon-box\" data-id=\"82c8fa7\" data-element_type=\"widget\" data-e-type=\"widget\" data-widget_type=\"icon-box.default\">\n\t\t\t\t<div class=\"elementor-widget-container\">\n\t\t\t\t\t\t\t<div class=\"elementor-icon-box-wrapper\">\n\n\t\t\t\n\t\t\t\t\t\t<div class=\"elementor-icon-box-content\">\n\n\t\t\t\t\t\t\t\t\t<h4 class=\"elementor-icon-box-title\">\n\t\t\t\t\t\t<span  >\n\t\t\t\t\t\t\tBarda Perimetral NAICM\t\t\t\t\t\t<\/span>\n\t\t\t\t\t<\/h4>\n\t\t\t\t\n\t\t\t\t\t\t\t\t\t<p class=\"elementor-icon-box-description\">\n\t\t\t\t\t\tTexcoco, Cd. M\u00e9x.\t\t\t\t\t<\/p>\n\t\t\t\t\n\t\t\t<\/div>\n\t\t\t\n\t\t<\/div>\n\t\t\t\t\t\t<\/div>\n\t\t\t\t<\/div>\n\t\t\t\t\t<\/div>\n\t\t<\/div>\n\t\t\t\t<div class=\"elementor-column elementor-col-25 elementor-top-column elementor-element elementor-element-fdde820\" data-id=\"fdde820\" data-element_type=\"column\" data-e-type=\"column\" data-settings=\"{&quot;background_background&quot;:&quot;classic&quot;}\">\n\t\t\t<div class=\"elementor-widget-wrap elementor-element-populated\">\n\t\t\t\t\t<div class=\"elementor-background-overlay\"><\/div>\n\t\t\t\t\t\t<div class=\"elementor-element elementor-element-9aec93c elementor-widget elementor-widget-icon-box\" data-id=\"9aec93c\" data-element_type=\"widget\" data-e-type=\"widget\" data-widget_type=\"icon-box.default\">\n\t\t\t\t<div class=\"elementor-widget-container\">\n\t\t\t\t\t\t\t<div class=\"elementor-icon-box-wrapper\">\n\n\t\t\t\n\t\t\t\t\t\t<div class=\"elementor-icon-box-content\">\n\n\t\t\t\t\t\t\t\t\t<h4 class=\"elementor-icon-box-title\">\n\t\t\t\t\t\t<span  >\n\t\t\t\t\t\t\t Canal Centenario\t\t\t\t\t\t<\/span>\n\t\t\t\t\t<\/h4>\n\t\t\t\t\n\t\t\t\t\t\t\t\t\t<p class=\"elementor-icon-box-description\">\n\t\t\t\t\t\tAcaponeta, Nay.\t\t\t\t\t<\/p>\n\t\t\t\t\n\t\t\t<\/div>\n\t\t\t\n\t\t<\/div>\n\t\t\t\t\t\t<\/div>\n\t\t\t\t<\/div>\n\t\t\t\t\t<\/div>\n\t\t<\/div>\n\t\t\t\t<div class=\"elementor-column elementor-col-25 elementor-top-column elementor-element elementor-element-e4949d0\" data-id=\"e4949d0\" data-element_type=\"column\" data-e-type=\"column\" data-settings=\"{&quot;background_background&quot;:&quot;classic&quot;}\">\n\t\t\t<div class=\"elementor-widget-wrap elementor-element-populated\">\n\t\t\t\t\t<div class=\"elementor-background-overlay\"><\/div>\n\t\t\t\t\t\t<div class=\"elementor-element elementor-element-c3abfb7 elementor-widget elementor-widget-icon-box\" data-id=\"c3abfb7\" data-element_type=\"widget\" data-e-type=\"widget\" data-widget_type=\"icon-box.default\">\n\t\t\t\t<div class=\"elementor-widget-container\">\n\t\t\t\t\t\t\t<div class=\"elementor-icon-box-wrapper\">\n\n\t\t\t\n\t\t\t\t\t\t<div class=\"elementor-icon-box-content\">\n\n\t\t\t\t\t\t\t\t\t<h4 class=\"elementor-icon-box-title\">\n\t\t\t\t\t\t<span  >\n\t\t\t\t\t\t\tTren Interurbano\t\t\t\t\t\t<\/span>\n\t\t\t\t\t<\/h4>\n\t\t\t\t\n\t\t\t\t\t\t\t\t\t<p class=\"elementor-icon-box-description\">\n\t\t\t\t\t\tM\u00e9xico - Toluca\t\t\t\t\t<\/p>\n\t\t\t\t\n\t\t\t<\/div>\n\t\t\t\n\t\t<\/div>\n\t\t\t\t\t\t<\/div>\n\t\t\t\t<\/div>\n\t\t\t\t\t<\/div>\n\t\t<\/div>\n\t\t\t\t\t<\/div>\n\t\t<\/section>\n\t\t\t\t<section class=\"elementor-section elementor-top-section elementor-element elementor-element-0d3eb04 elementor-section-boxed elementor-section-height-default elementor-section-height-default elementor-invisible\" data-id=\"0d3eb04\" data-element_type=\"section\" data-e-type=\"section\" data-settings=\"{&quot;background_background&quot;:&quot;classic&quot;,&quot;animation&quot;:&quot;fadeInRight&quot;}\">\n\t\t\t\t\t\t<div class=\"elementor-container elementor-column-gap-no\">\n\t\t\t\t\t<div class=\"elementor-column elementor-col-100 elementor-top-column elementor-element elementor-element-338a74b\" data-id=\"338a74b\" data-element_type=\"column\" data-e-type=\"column\">\n\t\t\t<div class=\"elementor-widget-wrap elementor-element-populated\">\n\t\t\t\t\t\t<div class=\"elementor-element elementor-element-56c0954 elementor-widget elementor-widget-heading\" data-id=\"56c0954\" data-element_type=\"widget\" data-e-type=\"widget\" data-widget_type=\"heading.default\">\n\t\t\t\t<div class=\"elementor-widget-container\">\n\t\t\t\t\t<h3 class=\"elementor-heading-title elementor-size-default\">Dedicaci\u00f3n y Confianza\u200b<\/h3>\t\t\t\t<\/div>\n\t\t\t\t<\/div>\n\t\t\t\t<div class=\"elementor-element elementor-element-fa008b3 elementor-widget elementor-widget-heading\" data-id=\"fa008b3\" data-element_type=\"widget\" data-e-type=\"widget\" data-widget_type=\"heading.default\">\n\t\t\t\t<div class=\"elementor-widget-container\">\n\t\t\t\t\t<h2 class=\"elementor-heading-title elementor-size-default\">Algunos de nuestros clientes<\/h2>\t\t\t\t<\/div>\n\t\t\t\t<\/div>\n\t\t\t\t\t<\/div>\n\t\t<\/div>\n\t\t\t\t\t<\/div>\n\t\t<\/section>\n\t\t\t\t<section class=\"elementor-section elementor-top-section elementor-element elementor-element-81233ac elementor-section-boxed elementor-section-height-default elementor-section-height-default elementor-invisible\" data-id=\"81233ac\" data-element_type=\"section\" data-e-type=\"section\" data-settings=\"{&quot;background_background&quot;:&quot;classic&quot;,&quot;animation&quot;:&quot;fadeInRight&quot;}\">\n\t\t\t\t\t\t<div class=\"elementor-container elementor-column-gap-default\">\n\t\t\t\t\t<div class=\"elementor-column elementor-col-50 elementor-top-column elementor-element elementor-element-d174124\" data-id=\"d174124\" data-element_type=\"column\" data-e-type=\"column\">\n\t\t\t<div class=\"elementor-widget-wrap elementor-element-populated\">\n\t\t\t\t\t\t<div class=\"elementor-element elementor-element-133501e elementor-widget elementor-widget-image\" data-id=\"133501e\" data-element_type=\"widget\" data-e-type=\"widget\" data-widget_type=\"image.default\">\n\t\t\t\t<div class=\"elementor-widget-container\">\n\t\t\t\t\t\t\t\t\t\t\t\t\t\t\t<img fetchpriority=\"high\" decoding=\"async\" width=\"1024\" height=\"188\" src=\"https:\/\/factran.com.mx\/wp-content\/uploads\/2023\/04\/1-02-1024x188.png\" class=\"attachment-large size-large wp-image-898\" alt=\"\" srcset=\"https:\/\/factran.com.mx\/wp-content\/uploads\/2023\/04\/1-02-1024x188.png 1024w, https:\/\/factran.com.mx\/wp-content\/uploads\/2023\/04\/1-02-300x55.png 300w, https:\/\/factran.com.mx\/wp-content\/uploads\/2023\/04\/1-02-768x141.png 768w, https:\/\/factran.com.mx\/wp-content\/uploads\/2023\/04\/1-02-1536x283.png 1536w, https:\/\/factran.com.mx\/wp-content\/uploads\/2023\/04\/1-02-2048x377.png 2048w\" sizes=\"(max-width: 1024px) 100vw, 1024px\" \/>\t\t\t\t\t\t\t\t\t\t\t\t\t\t\t<\/div>\n\t\t\t\t<\/div>\n\t\t\t\t\t<\/div>\n\t\t<\/div>\n\t\t\t\t<div class=\"elementor-column elementor-col-50 elementor-top-column elementor-element elementor-element-b3cb786\" data-id=\"b3cb786\" data-element_type=\"column\" data-e-type=\"column\">\n\t\t\t<div class=\"elementor-widget-wrap elementor-element-populated\">\n\t\t\t\t\t\t<div class=\"elementor-element elementor-element-7be2386 elementor-widget elementor-widget-image\" data-id=\"7be2386\" data-element_type=\"widget\" data-e-type=\"widget\" data-widget_type=\"image.default\">\n\t\t\t\t<div class=\"elementor-widget-container\">\n\t\t\t\t\t\t\t\t\t\t\t\t\t\t\t<img decoding=\"async\" width=\"1024\" height=\"188\" src=\"https:\/\/factran.com.mx\/wp-content\/uploads\/2023\/04\/1-03-1024x188.png\" class=\"attachment-large size-large wp-image-899\" alt=\"\" srcset=\"https:\/\/factran.com.mx\/wp-content\/uploads\/2023\/04\/1-03-1024x188.png 1024w, https:\/\/factran.com.mx\/wp-content\/uploads\/2023\/04\/1-03-300x55.png 300w, https:\/\/factran.com.mx\/wp-content\/uploads\/2023\/04\/1-03-768x141.png 768w, https:\/\/factran.com.mx\/wp-content\/uploads\/2023\/04\/1-03-1536x283.png 1536w, https:\/\/factran.com.mx\/wp-content\/uploads\/2023\/04\/1-03-2048x377.png 2048w\" sizes=\"(max-width: 1024px) 100vw, 1024px\" \/>\t\t\t\t\t\t\t\t\t\t\t\t\t\t\t<\/div>\n\t\t\t\t<\/div>\n\t\t\t\t\t<\/div>\n\t\t<\/div>\n\t\t\t\t\t<\/div>\n\t\t<\/section>\n\t\t\t\t<\/div>\n\t\t","protected":false},"excerpt":{"rendered":"<p>Proyectos Nuestros Proyectos Trabajos recientes Aeropuerto Internacional Felipe \u00c1ngeles Santa Luc\u00eda, M\u00e9x. Barda Perimetral NAICM Texcoco, Cd. M\u00e9x. Canal Centenario Acaponeta, Nay. Tren Interurbano M\u00e9xico &#8211; Toluca Dedicaci\u00f3n y Confianza\u200b Algunos de nuestros clientes<\/p>\n","protected":false},"author":1,"featured_media":0,"parent":0,"menu_order":0,"comment_status":"closed","ping_status":"closed","template":"","meta":{"site-sidebar-layout":"no-sidebar","site-content-layout":"page-builder","ast-site-content-layout":"default","site-content-style":"default","site-sidebar-style":"default","ast-global-header-display":"","ast-banner-title-visibility":"","ast-main-header-display":"","ast-hfb-above-header-display":"","ast-hfb-below-header-display":"","ast-hfb-mobile-header-display":"","site-post-title":"disabled","ast-breadcrumbs-content":"disabled","ast-featured-img":"disabled","footer-sml-layout":"","ast-disable-related-posts":"","theme-transparent-header-meta":"enabled","adv-header-id-meta":"","stick-header-meta":"","header-above-stick-meta":"","header-main-stick-meta":"","header-below-stick-meta":"","astra-migrate-meta-layouts":"default","ast-page-background-enabled":"default","ast-page-background-meta":{"desktop":{"background-color":"var(--ast-global-color-4)","background-image":"","background-repeat":"repeat","background-position":"center center","background-size":"auto","background-attachment":"scroll","background-type":"","background-media":"","overlay-type":"","overlay-color":"","overlay-opacity":"","overlay-gradient":""},"tablet":{"background-color":"","background-image":"","background-repeat":"repeat","background-position":"center center","background-size":"auto","background-attachment":"scroll","background-type":"","background-media":"","overlay-type":"","overlay-color":"","overlay-opacity":"","overlay-gradient":""},"mobile":{"background-color":"","background-image":"","background-repeat":"repeat","background-position":"center center","background-size":"auto","background-attachment":"scroll","background-type":"","background-media":"","overlay-type":"","overlay-color":"","overlay-opacity":"","overlay-gradient":""}},"ast-content-background-meta":{"desktop":{"background-color":"var(--ast-global-color-5)","background-image":"","background-repeat":"repeat","background-position":"center center","background-size":"auto","background-attachment":"scroll","background-type":"","background-media":"","overlay-type":"","overlay-color":"","overlay-opacity":"","overlay-gradient":""},"tablet":{"background-color":"var(--ast-global-color-5)","background-image":"","background-repeat":"repeat","background-position":"center center","background-size":"auto","background-attachment":"scroll","background-type":"","background-media":"","overlay-type":"","overlay-color":"","overlay-opacity":"","overlay-gradient":""},"mobile":{"background-color":"var(--ast-global-color-5)","background-image":"","background-repeat":"repeat","background-position":"center center","background-size":"auto","background-attachment":"scroll","background-type":"","background-media":"","overlay-type":"","overlay-color":"","overlay-opacity":"","overlay-gradient":""}},"footnotes":""},"class_list":["post-309","page","type-page","status-publish","hentry"],"yoast_head":"<!-- This site is optimized with the Yoast SEO plugin v27.3 - https:\/\/yoast.com\/product\/yoast-seo-wordpress\/ -->\n<title>Proyectos - Factran S.A. de C.V.<\/title>\n<meta name=\"robots\" content=\"index, follow, max-snippet:-1, max-image-preview:large, max-video-preview:-1\" \/>\n<link rel=\"canonical\" href=\"https:\/\/factran.com.mx\/index.php\/proyectos\/\" \/>\n<meta property=\"og:locale\" content=\"es_MX\" \/>\n<meta property=\"og:type\" content=\"article\" \/>\n<meta property=\"og:title\" content=\"Proyectos - Factran S.A. de C.V.\" \/>\n<meta property=\"og:description\" content=\"Proyectos Nuestros Proyectos Trabajos recientes Aeropuerto Internacional Felipe \u00c1ngeles Santa Luc\u00eda, M\u00e9x. Barda Perimetral NAICM Texcoco, Cd. M\u00e9x. Canal Centenario Acaponeta, Nay. Tren Interurbano M\u00e9xico &#8211; Toluca Dedicaci\u00f3n y Confianza\u200b Algunos de nuestros clientes\" \/>\n<meta property=\"og:url\" content=\"https:\/\/factran.com.mx\/index.php\/proyectos\/\" \/>\n<meta property=\"og:site_name\" content=\"Factran S.A. de C.V.\" \/>\n<meta property=\"article:modified_time\" content=\"2023-04-09T20:09:31+00:00\" \/>\n<meta property=\"og:image\" content=\"https:\/\/factran.com.mx\/wp-content\/uploads\/2023\/04\/1-02-1024x188.png\" \/>\n<meta name=\"twitter:card\" content=\"summary_large_image\" \/>\n<meta name=\"twitter:label1\" content=\"Tiempo de lectura\" \/>\n\t<meta name=\"twitter:data1\" content=\"3 minutos\" \/>\n<script type=\"application\/ld+json\" class=\"yoast-schema-graph\">{\"@context\":\"https:\\\/\\\/schema.org\",\"@graph\":[{\"@type\":\"WebPage\",\"@id\":\"https:\\\/\\\/factran.com.mx\\\/index.php\\\/proyectos\\\/\",\"url\":\"https:\\\/\\\/factran.com.mx\\\/index.php\\\/proyectos\\\/\",\"name\":\"Proyectos - Factran S.A. de C.V.\",\"isPartOf\":{\"@id\":\"https:\\\/\\\/factran.com.mx\\\/#website\"},\"primaryImageOfPage\":{\"@id\":\"https:\\\/\\\/factran.com.mx\\\/index.php\\\/proyectos\\\/#primaryimage\"},\"image\":{\"@id\":\"https:\\\/\\\/factran.com.mx\\\/index.php\\\/proyectos\\\/#primaryimage\"},\"thumbnailUrl\":\"https:\\\/\\\/factran.com.mx\\\/wp-content\\\/uploads\\\/2023\\\/04\\\/1-02-1024x188.png\",\"datePublished\":\"2021-11-04T10:21:10+00:00\",\"dateModified\":\"2023-04-09T20:09:31+00:00\",\"breadcrumb\":{\"@id\":\"https:\\\/\\\/factran.com.mx\\\/index.php\\\/proyectos\\\/#breadcrumb\"},\"inLanguage\":\"es\",\"potentialAction\":[{\"@type\":\"ReadAction\",\"target\":[\"https:\\\/\\\/factran.com.mx\\\/index.php\\\/proyectos\\\/\"]}]},{\"@type\":\"ImageObject\",\"inLanguage\":\"es\",\"@id\":\"https:\\\/\\\/factran.com.mx\\\/index.php\\\/proyectos\\\/#primaryimage\",\"url\":\"https:\\\/\\\/factran.com.mx\\\/wp-content\\\/uploads\\\/2023\\\/04\\\/1-02.png\",\"contentUrl\":\"https:\\\/\\\/factran.com.mx\\\/wp-content\\\/uploads\\\/2023\\\/04\\\/1-02.png\",\"width\":4353,\"height\":801},{\"@type\":\"BreadcrumbList\",\"@id\":\"https:\\\/\\\/factran.com.mx\\\/index.php\\\/proyectos\\\/#breadcrumb\",\"itemListElement\":[{\"@type\":\"ListItem\",\"position\":1,\"name\":\"Inicio\",\"item\":\"https:\\\/\\\/factran.com.mx\\\/\"},{\"@type\":\"ListItem\",\"position\":2,\"name\":\"Proyectos\"}]},{\"@type\":\"WebSite\",\"@id\":\"https:\\\/\\\/factran.com.mx\\\/#website\",\"url\":\"https:\\\/\\\/factran.com.mx\\\/\",\"name\":\"Factran S.A. de C.V.\",\"description\":\"\",\"publisher\":{\"@id\":\"https:\\\/\\\/factran.com.mx\\\/#organization\"},\"potentialAction\":[{\"@type\":\"SearchAction\",\"target\":{\"@type\":\"EntryPoint\",\"urlTemplate\":\"https:\\\/\\\/factran.com.mx\\\/?s={search_term_string}\"},\"query-input\":{\"@type\":\"PropertyValueSpecification\",\"valueRequired\":true,\"valueName\":\"search_term_string\"}}],\"inLanguage\":\"es\"},{\"@type\":\"Organization\",\"@id\":\"https:\\\/\\\/factran.com.mx\\\/#organization\",\"name\":\"Trefisur S.A. de C.V.\",\"url\":\"https:\\\/\\\/factran.com.mx\\\/\",\"logo\":{\"@type\":\"ImageObject\",\"inLanguage\":\"es\",\"@id\":\"https:\\\/\\\/factran.com.mx\\\/#\\\/schema\\\/logo\\\/image\\\/\",\"url\":\"https:\\\/\\\/factran.com.mx\\\/wp-content\\\/uploads\\\/2023\\\/04\\\/cropped-trefisur-1.png\",\"contentUrl\":\"https:\\\/\\\/factran.com.mx\\\/wp-content\\\/uploads\\\/2023\\\/04\\\/cropped-trefisur-1.png\",\"width\":512,\"height\":512,\"caption\":\"Trefisur S.A. de C.V.\"},\"image\":{\"@id\":\"https:\\\/\\\/factran.com.mx\\\/#\\\/schema\\\/logo\\\/image\\\/\"}}]}<\/script>\n<!-- \/ Yoast SEO plugin. -->","yoast_head_json":{"title":"Proyectos - Factran S.A. de C.V.","robots":{"index":"index","follow":"follow","max-snippet":"max-snippet:-1","max-image-preview":"max-image-preview:large","max-video-preview":"max-video-preview:-1"},"canonical":"https:\/\/factran.com.mx\/index.php\/proyectos\/","og_locale":"es_MX","og_type":"article","og_title":"Proyectos - Factran S.A. de C.V.","og_description":"Proyectos Nuestros Proyectos Trabajos recientes Aeropuerto Internacional Felipe \u00c1ngeles Santa Luc\u00eda, M\u00e9x. Barda Perimetral NAICM Texcoco, Cd. M\u00e9x. Canal Centenario Acaponeta, Nay. Tren Interurbano M\u00e9xico &#8211; Toluca Dedicaci\u00f3n y Confianza\u200b Algunos de nuestros clientes","og_url":"https:\/\/factran.com.mx\/index.php\/proyectos\/","og_site_name":"Factran S.A. de C.V.","article_modified_time":"2023-04-09T20:09:31+00:00","og_image":[{"url":"https:\/\/factran.com.mx\/wp-content\/uploads\/2023\/04\/1-02-1024x188.png","type":"","width":"","height":""}],"twitter_card":"summary_large_image","twitter_misc":{"Tiempo de lectura":"3 minutos"},"schema":{"@context":"https:\/\/schema.org","@graph":[{"@type":"WebPage","@id":"https:\/\/factran.com.mx\/index.php\/proyectos\/","url":"https:\/\/factran.com.mx\/index.php\/proyectos\/","name":"Proyectos - Factran S.A. de C.V.","isPartOf":{"@id":"https:\/\/factran.com.mx\/#website"},"primaryImageOfPage":{"@id":"https:\/\/factran.com.mx\/index.php\/proyectos\/#primaryimage"},"image":{"@id":"https:\/\/factran.com.mx\/index.php\/proyectos\/#primaryimage"},"thumbnailUrl":"https:\/\/factran.com.mx\/wp-content\/uploads\/2023\/04\/1-02-1024x188.png","datePublished":"2021-11-04T10:21:10+00:00","dateModified":"2023-04-09T20:09:31+00:00","breadcrumb":{"@id":"https:\/\/factran.com.mx\/index.php\/proyectos\/#breadcrumb"},"inLanguage":"es","potentialAction":[{"@type":"ReadAction","target":["https:\/\/factran.com.mx\/index.php\/proyectos\/"]}]},{"@type":"ImageObject","inLanguage":"es","@id":"https:\/\/factran.com.mx\/index.php\/proyectos\/#primaryimage","url":"https:\/\/factran.com.mx\/wp-content\/uploads\/2023\/04\/1-02.png","contentUrl":"https:\/\/factran.com.mx\/wp-content\/uploads\/2023\/04\/1-02.png","width":4353,"height":801},{"@type":"BreadcrumbList","@id":"https:\/\/factran.com.mx\/index.php\/proyectos\/#breadcrumb","itemListElement":[{"@type":"ListItem","position":1,"name":"Inicio","item":"https:\/\/factran.com.mx\/"},{"@type":"ListItem","position":2,"name":"Proyectos"}]},{"@type":"WebSite","@id":"https:\/\/factran.com.mx\/#website","url":"https:\/\/factran.com.mx\/","name":"Factran S.A. de C.V.","description":"","publisher":{"@id":"https:\/\/factran.com.mx\/#organization"},"potentialAction":[{"@type":"SearchAction","target":{"@type":"EntryPoint","urlTemplate":"https:\/\/factran.com.mx\/?s={search_term_string}"},"query-input":{"@type":"PropertyValueSpecification","valueRequired":true,"valueName":"search_term_string"}}],"inLanguage":"es"},{"@type":"Organization","@id":"https:\/\/factran.com.mx\/#organization","name":"Trefisur S.A. de C.V.","url":"https:\/\/factran.com.mx\/","logo":{"@type":"ImageObject","inLanguage":"es","@id":"https:\/\/factran.com.mx\/#\/schema\/logo\/image\/","url":"https:\/\/factran.com.mx\/wp-content\/uploads\/2023\/04\/cropped-trefisur-1.png","contentUrl":"https:\/\/factran.com.mx\/wp-content\/uploads\/2023\/04\/cropped-trefisur-1.png","width":512,"height":512,"caption":"Trefisur S.A. de C.V."},"image":{"@id":"https:\/\/factran.com.mx\/#\/schema\/logo\/image\/"}}]}},"_links":{"self":[{"href":"https:\/\/factran.com.mx\/index.php\/wp-json\/wp\/v2\/pages\/309","targetHints":{"allow":["GET"]}}],"collection":[{"href":"https:\/\/factran.com.mx\/index.php\/wp-json\/wp\/v2\/pages"}],"about":[{"href":"https:\/\/factran.com.mx\/index.php\/wp-json\/wp\/v2\/types\/page"}],"author":[{"embeddable":true,"href":"https:\/\/factran.com.mx\/index.php\/wp-json\/wp\/v2\/users\/1"}],"replies":[{"embeddable":true,"href":"https:\/\/factran.com.mx\/index.php\/wp-json\/wp\/v2\/comments?post=309"}],"version-history":[{"count":51,"href":"https:\/\/factran.com.mx\/index.php\/wp-json\/wp\/v2\/pages\/309\/revisions"}],"predecessor-version":[{"id":909,"href":"https:\/\/factran.com.mx\/index.php\/wp-json\/wp\/v2\/pages\/309\/revisions\/909"}],"wp:attachment":[{"href":"https:\/\/factran.com.mx\/index.php\/wp-json\/wp\/v2\/media?parent=309"}],"curies":[{"name":"wp","href":"https:\/\/api.w.org\/{rel}","templated":true}]}}